{"id":34,"date":"2022-08-27T05:48:55","date_gmt":"2022-08-27T05:48:55","guid":{"rendered":"https:\/\/kodesolution.com\/2022\/fesho\/?page_id=34"},"modified":"2024-02-14T17:49:11","modified_gmt":"2024-02-14T23:49:11","slug":"contactanos","status":"publish","type":"page","link":"https:\/\/www.advantageteam.com\/en\/contactanos\/","title":{"rendered":"Cont\u00e1ctanos"},"content":{"rendered":"<div data-elementor-type=\"wp-page\" data-elementor-id=\"34\" class=\"elementor elementor-34\">\n\t\t\t\t\t\t\t\t\t<section class=\"elementor-section elementor-top-section elementor-element elementor-element-ec5477d elementor-section-stretched elementor-section-boxed elementor-section-height-default elementor-section-height-default tm-col-stretched-none tm-bg-color-over-image\" data-id=\"ec5477d\" data-element_type=\"section\" data-settings=\"{&quot;stretch_section&quot;:&quot;section-stretched&quot;,&quot;background_background&quot;:&quot;classic&quot;}\">\n\t\t\t\t\t\t<div class=\"elementor-container elementor-column-gap-extended\">\n\t\t\t\t\t<div class=\"elementor-column elementor-col-50 elementor-top-column elementor-element elementor-element-f2a63ef tm-bg-color-over-image\" data-id=\"f2a63ef\" data-element_type=\"column\">\n\t\t\t<div class=\"elementor-widget-wrap elementor-element-populated\">\n\t\t\t\t\t\t\t\t<div class=\"elementor-element elementor-element-2850f06 horizontal-line-align-left vertical-line-align-bottom elementor-widget elementor-widget-tm-ele-section-title\" data-id=\"2850f06\" data-element_type=\"widget\" data-widget_type=\"tm-ele-section-title.default\">\n\t\t\t\t<div class=\"elementor-widget-container\">\n\t\t\t<div class=\"tm-sc-section-title section-title line-left-current-theme\">\r\n\t<div class=\"title-wrapper\">\r\n\t\t\t\t\t\t\t\t<h2 class=\"title\">\r\n\r\n\t\t\r\n\t\t\t\t<span class=\"title-part1\">\u00a1Lleva a tu marca a\u00fan m\u00e1s lejos!<\/span>\r\n\t\t\t\t\r\n\t\t\r\n\t<\/h2>\r\n\t<div class=\"title-seperator-line\"><\/div>\t\t\t\t\t\t<\/div>\r\n<\/div>\t\t<\/div>\n\t\t\t\t<\/div>\n\t\t\t\t<div class=\"elementor-element elementor-element-5e8de3f horizontal-line-align-left vertical-line-align-bottom elementor-widget elementor-widget-tm-ele-section-title\" data-id=\"5e8de3f\" data-element_type=\"widget\" data-widget_type=\"tm-ele-section-title.default\">\n\t\t\t\t<div class=\"elementor-widget-container\">\n\t\t\t<div class=\"tm-sc-section-title section-title line-left-current-theme\">\r\n\t<div class=\"title-wrapper\">\r\n\t\t\t\t\t\t\t\t<h2 class=\"title\">\r\n\r\n\t\t\r\n\t\t\t\t<span class=\"title-part1\">D\u00e9janos tus datos y nos pondremos en contacto contigo:<\/span>\r\n\t\t\t\t\r\n\t\t\r\n\t<\/h2>\r\n\t<div class=\"title-seperator-line\"><\/div>\t\t\t\t\t\t<\/div>\r\n<\/div>\t\t<\/div>\n\t\t\t\t<\/div>\n\t\t\t\t<div class=\"elementor-element elementor-element-fc7b904 tm-contact-form-7-button-align-left tm-contact-form-7-button-custom elementor-widget elementor-widget-tm-ele-contact-form-7\" data-id=\"fc7b904\" data-element_type=\"widget\" data-widget_type=\"tm-ele-contact-form-7.default\">\n\t\t\t\t<div class=\"elementor-widget-container\">\n\t\t\t<div class=\"tm-contact-form-7-wrapper\">\r\n\t\t\t\t<div class=\"tm-contact-form tm-contact-form-7 tm-contact-form-fc7b904 placeholder-show tm-contact-form-align-default\">\n<div class=\"wpcf7 no-js\" id=\"wpcf7-f37-o1\" lang=\"en-US\" dir=\"ltr\" data-wpcf7-id=\"37\">\n<div class=\"screen-reader-response\"><p role=\"status\" aria-live=\"polite\" aria-atomic=\"true\"><\/p> <ul><\/ul><\/div>\n<form action=\"\/en\/wp-json\/wp\/v2\/pages\/34#wpcf7-f37-o1\" method=\"post\" class=\"wpcf7-form init\" aria-label=\"Contact form\" novalidate=\"novalidate\" data-status=\"init\" data-trp-original-action=\"\/en\/wp-json\/wp\/v2\/pages\/34#wpcf7-f37-o1\">\n<fieldset class=\"hidden-fields-container\"><input type=\"hidden\" name=\"_wpcf7\" value=\"37\" \/><input type=\"hidden\" name=\"_wpcf7_version\" value=\"6.1.4\" \/><input type=\"hidden\" name=\"_wpcf7_locale\" value=\"en_US\" \/><input type=\"hidden\" name=\"_wpcf7_unit_tag\" value=\"wpcf7-f37-o1\" \/><input type=\"hidden\" name=\"_wpcf7_container_post\" value=\"0\" \/><input type=\"hidden\" name=\"_wpcf7_posted_data_hash\" value=\"\" \/><input type=\"hidden\" name=\"_wpcf7_recaptcha_response\" value=\"\" \/>\n<\/fieldset>\n<div class=\"contact\">\n  <div class=\"row g-3\">\n    <div class=\"col-sm-6\">\n        <span class=\"wpcf7-form-control-wrap\" data-name=\"your-name\"><input size=\"40\" maxlength=\"400\" class=\"wpcf7-form-control wpcf7-text wpcf7-validates-as-required form-control\" aria-required=\"true\" aria-invalid=\"false\" placeholder=\"Nombre\" value=\"\" type=\"text\" name=\"your-name\" \/><\/span>\n    <\/div>\n    <div class=\"col-sm-6\">\n        <span class=\"wpcf7-form-control-wrap\" data-name=\"your-email\"><input size=\"40\" maxlength=\"400\" class=\"wpcf7-form-control wpcf7-email wpcf7-validates-as-required wpcf7-text wpcf7-validates-as-email form-control\" aria-required=\"true\" aria-invalid=\"false\" placeholder=\"Email\" value=\"\" type=\"email\" name=\"your-email\" \/><\/span>\n    <\/div>\n    <div class=\"col-sm-6\">\n        <span class=\"wpcf7-form-control-wrap\" data-name=\"your-subject\"><input size=\"40\" maxlength=\"400\" class=\"wpcf7-form-control wpcf7-text wpcf7-validates-as-required form-control\" aria-required=\"true\" aria-invalid=\"false\" placeholder=\"Empresa\" value=\"\" type=\"text\" name=\"your-subject\" \/><\/span>\n    <\/div>\n    <div class=\"col-sm-6\">\n        <span class=\"wpcf7-form-control-wrap\" data-name=\"your-telefono\"><input size=\"40\" maxlength=\"10\" minlength=\"10\" class=\"wpcf7-form-control wpcf7-tel wpcf7-validates-as-required wpcf7-text wpcf7-validates-as-tel form-control\" aria-required=\"true\" aria-invalid=\"false\" placeholder=\"Tel\u00e9fono\" value=\"\" type=\"tel\" name=\"your-telefono\" \/><\/span>\n    <\/div>\n    <div class=\"col-sm-12\">\n        <span class=\"wpcf7-form-control-wrap\" data-name=\"your-message\"><input size=\"40\" maxlength=\"400\" class=\"wpcf7-form-control wpcf7-text wpcf7-validates-as-required form-control\" aria-required=\"true\" aria-invalid=\"false\" placeholder=\"\u00bfQu\u00e9 servicio te interesa?\" value=\"\" type=\"text\" name=\"your-message\" \/><\/span>\n    <\/div>\n    <div class=\"col-sm-12\">\n        <input class=\"wpcf7-form-control wpcf7-submit has-spinner btn btn-theme-colored2\" type=\"submit\" value=\"Enviar\" \/>\n    <\/div>\n  <\/div>\n<\/div><div class=\"wpcf7-response-output\" aria-hidden=\"true\"><\/div>\n<input type=\"hidden\" name=\"trp-form-language\" value=\"en\"\/><\/form>\n<\/div>\n<\/div>\r\n\t\t\t<\/div>\t\t<\/div>\n\t\t\t\t<\/div>\n\t\t\t\t\t<\/div>\n\t\t<\/div>\n\t\t\t\t<div class=\"elementor-column elementor-col-50 elementor-top-column elementor-element elementor-element-12a5636 tm-bg-color-over-image\" data-id=\"12a5636\" data-element_type=\"column\">\n\t\t\t<div class=\"elementor-widget-wrap elementor-element-populated\">\n\t\t\t\t\t\t\t\t<div class=\"elementor-element elementor-element-b7e9588 elementor-widget elementor-widget-tm-ele-text-editor\" data-id=\"b7e9588\" data-element_type=\"widget\" data-widget_type=\"tm-ele-text-editor.default\">\n\t\t\t\t<div class=\"elementor-widget-container\">\n\t\t\t\t\t<div class=\"tm-text-editor\">\r\n\t\t<p><strong>Si se trata de un Plan de Lealtad, Plan de Incentivos, Big Promo o cualquier servicio que refuerce tu campa\u00f1a de lealtad o contacto con tus consumidores, somos la mejor opci\u00f3n.<\/strong><\/p>\t\t<\/div>\r\n\t\t\t<\/div>\n\t\t\t\t<\/div>\n\t\t\t\t<div class=\"elementor-element elementor-element-acdf35e elementor-widget elementor-widget-tm-ele-iconbox\" data-id=\"acdf35e\" data-element_type=\"widget\" data-widget_type=\"tm-ele-iconbox.default\">\n\t\t\t\t<div class=\"elementor-widget-container\">\n\t\t\t<div class=\"tm-sc-icon-box icon-box icon-left tm-iconbox-icontype-font-icon icon-default icon-position-icon-left\" >\r\n\t\r\n  \t<div class=\"icon-box-wrapper\">\r\n\t\t\r\n\t\t<div class=\"icon-wrapper\">\r\n\t\t<a class=\"icon icon-type-font-icon icon-md icon-default-bg icon-rounded\"\r\n\r\n\t\t\t\t\t\t\t\t\thref=\"tel:\u202d4424350527%20\"\r\n\t\t\t\t\t\t\t\t>\r\n\t\t\t<i aria-hidden=\"true\" class=\"flaticon-contact-045-call\"><\/i>\t\t<\/a>\r\n\r\n\t\t\t<\/div>\r\n\t\t\t<div class=\"icon-text\">\r\n\t\t\t\t\t\t<div class=\"content\"><p>\u00bfTiene alguna pregunta?<br \/>Ll\u00e1menos de Lunes a S\u00e1bado, de 9 a 6pm<\/p><\/div>\r\n\t\t\t\r\n\t\t\t\t<h5 class=\"icon-box-title\">\r\n\t\t\t\t\t\t<a \r\n\t\t\t\t\t\t\t\thref=\"tel:\u202d4424350527%20\">\r\n\t\t\t\tTel. 442 435 0527 \n\t\t\t<\/a>\r\n\t\t\t\t\t<\/h5>\r\n\t\t\t\t\t\t\t\t\r\n\t\t\t\r\n\t\r\n\t\t\t\t\t<\/div>\r\n\t\t<div class=\"clearfix\"><\/div>\r\n\t<\/div>\r\n<\/div>\t\t<\/div>\n\t\t\t\t<\/div>\n\t\t\t\t<div class=\"elementor-element elementor-element-b8bb98b elementor-widget elementor-widget-tm-ele-iconbox\" data-id=\"b8bb98b\" data-element_type=\"widget\" data-widget_type=\"tm-ele-iconbox.default\">\n\t\t\t\t<div class=\"elementor-widget-container\">\n\t\t\t<div class=\"tm-sc-icon-box icon-box icon-left tm-iconbox-icontype-font-icon icon-default icon-position-icon-left\" >\r\n\t\r\n  \t<div class=\"icon-box-wrapper\">\r\n\t\t\r\n\t\t<div class=\"icon-wrapper\">\r\n\t\t<a class=\"icon icon-type-font-icon icon-md icon-default-bg icon-rounded\"\r\n\r\n\t\t\t\t\t\t\t\t\thref=\"mailto:contacto@advantageteam.com\"\r\n\t\t\t\t\t\t\t\t>\r\n\t\t\t<i aria-hidden=\"true\" class=\"flaticon-contact-030-email-3\"><\/i>\t\t<\/a>\r\n\r\n\t\t\t<\/div>\r\n\t\t\t<div class=\"icon-text\">\r\n\t\t\t\t\t\t<div class=\"content\"><p>Escribe email<\/p><\/div>\r\n\t\t\t\r\n\t\t\t\t<h5 class=\"icon-box-title\">\r\n\t\t\t\t\t\t<a \r\n\t\t\t\t\t\t\t\thref=\"mailto:contacto@advantageteam.com\">\r\n\t\t\t\tcontacto@advantageteam.com\t\t\t<\/a>\r\n\t\t\t\t\t<\/h5>\r\n\t\t\t\t\t\t\t\t\r\n\t\t\t\r\n\t\r\n\t\t\t\t\t<\/div>\r\n\t\t<div class=\"clearfix\"><\/div>\r\n\t<\/div>\r\n<\/div>\t\t<\/div>\n\t\t\t\t<\/div>\n\t\t\t\t<div class=\"elementor-element elementor-element-5c5f229 elementor-widget elementor-widget-tm-ele-iconbox\" data-id=\"5c5f229\" data-element_type=\"widget\" data-widget_type=\"tm-ele-iconbox.default\">\n\t\t\t\t<div class=\"elementor-widget-container\">\n\t\t\t<div class=\"tm-sc-icon-box icon-box icon-left tm-iconbox-icontype-font-icon icon-default icon-position-icon-left\" >\r\n\t\r\n  \t<div class=\"icon-box-wrapper\">\r\n\t\t\r\n\t\t<div class=\"icon-wrapper\">\r\n\t\t<a class=\"icon icon-type-font-icon icon-md icon-default-bg icon-rounded\"\r\n\r\n\t\t\t\t\t\t\t\t\thref=\"https:\/\/maps.app.goo.gl\/msa4RJxrioP8cxUB6\"\r\n\t\t\t\t\t\t\t\t>\r\n\t\t\t<i aria-hidden=\"true\" class=\"flaticon-contact-047-location\"><\/i>\t\t<\/a>\r\n\r\n\t\t\t<\/div>\r\n\t\t\t<div class=\"icon-text\">\r\n\t\t\t\t\t\t<div class=\"content\"><p>Visita en cualquier momento<\/p><\/div>\r\n\t\t\t\r\n\t\t\t\t<h5 class=\"icon-box-title\">\r\n\t\t\t\t\t\t<a \r\n\t\t\t\t\t\t\t\thref=\"https:\/\/maps.app.goo.gl\/msa4RJxrioP8cxUB6\">\r\n\t\t\t\tBoulevard de las Ciencias\nNo. 3015 \u2013 301A. Juriquilla Santa Fe. C.P. 76230. Quer\u00e9taro, M\u00e9xico.\t\t\t<\/a>\r\n\t\t\t\t\t<\/h5>\r\n\t\t\t\t\t\t\t\t\r\n\t\t\t\r\n\t\r\n\t\t\t\t\t<\/div>\r\n\t\t<div class=\"clearfix\"><\/div>\r\n\t<\/div>\r\n<\/div>\t\t<\/div>\n\t\t\t\t<\/div>\n\t\t\t\t\t<\/div>\n\t\t<\/div>\n\t\t\t\t\t\t\t<\/div>\n\t\t<\/section>\n\t\t\t\t\t\t\t<\/div>","protected":false},"excerpt":{"rendered":"<p>\u00a1Lleva a tu marca a\u00fan m\u00e1s lejos! D\u00e9janos tus datos y nos pondremos en contacto contigo: Si se trata de&#8230;<\/p>","protected":false},"author":2,"featured_media":0,"parent":0,"menu_order":0,"comment_status":"closed","ping_status":"closed","template":"elementor_header_footer","meta":{"footnotes":""},"class_list":["post-34","page","type-page","status-publish","hentry"],"yoast_head":"<!-- This site is optimized with the Yoast SEO plugin v26.7 - https:\/\/yoast.com\/wordpress\/plugins\/seo\/ -->\n<title>Cont\u00e1ctanos - Marketing Relacional<\/title>\n<meta name=\"description\" content=\"Si se trata de un Plan de Lealtad, Plan de Incentivos, Big Promo o cualquier servicio que refuerce tu campa\u00f1a de lealtad, somos la mejor opci\u00f3n. Cont\u00e1ctanos\" \/>\n<meta name=\"robots\" content=\"index, follow, max-snippet:-1, max-image-preview:large, max-video-preview:-1\" \/>\n<link rel=\"canonical\" href=\"https:\/\/www.advantageteam.com\/en\/contactanos\/\" \/>\n<script type=\"application\/ld+json\" class=\"yoast-schema-graph\">{\"@context\":\"https:\/\/schema.org\",\"@graph\":[{\"@type\":\"BreadcrumbList\",\"@id\":\"https:\/\/www.advantageteam.com\/contactanos\/#breadcrumb\",\"itemListElement\":[{\"@type\":\"ListItem\",\"position\":1,\"name\":\"Home\",\"item\":\"https:\/\/www.advantageteam.com\/\"},{\"@type\":\"ListItem\",\"position\":2,\"name\":\"Cont\u00e1ctanos\"}]}]}<\/script>\n<!-- \/ Yoast SEO plugin. -->","yoast_head_json":{"title":"Cont\u00e1ctanos - Marketing Relacional","description":"Si se trata de un Plan de Lealtad, Plan de Incentivos, Big Promo o cualquier servicio que refuerce tu campa\u00f1a de lealtad, somos la mejor opci\u00f3n. Cont\u00e1ctanos","robots":{"index":"index","follow":"follow","max-snippet":"max-snippet:-1","max-image-preview":"max-image-preview:large","max-video-preview":"max-video-preview:-1"},"canonical":"https:\/\/www.advantageteam.com\/en\/contactanos\/","schema":{"@context":"https:\/\/schema.org","@graph":[{"@type":"BreadcrumbList","@id":"https:\/\/www.advantageteam.com\/contactanos\/#breadcrumb","itemListElement":[{"@type":"ListItem","position":1,"name":"Home","item":"https:\/\/www.advantageteam.com\/"},{"@type":"ListItem","position":2,"name":"Cont\u00e1ctanos"}]}]}},"_links":{"self":[{"href":"https:\/\/www.advantageteam.com\/en\/wp-json\/wp\/v2\/pages\/34","targetHints":{"allow":["GET"]}}],"collection":[{"href":"https:\/\/www.advantageteam.com\/en\/wp-json\/wp\/v2\/pages"}],"about":[{"href":"https:\/\/www.advantageteam.com\/en\/wp-json\/wp\/v2\/types\/page"}],"author":[{"embeddable":true,"href":"https:\/\/www.advantageteam.com\/en\/wp-json\/wp\/v2\/users\/2"}],"replies":[{"embeddable":true,"href":"https:\/\/www.advantageteam.com\/en\/wp-json\/wp\/v2\/comments?post=34"}],"version-history":[{"count":102,"href":"https:\/\/www.advantageteam.com\/en\/wp-json\/wp\/v2\/pages\/34\/revisions"}],"predecessor-version":[{"id":85122,"href":"https:\/\/www.advantageteam.com\/en\/wp-json\/wp\/v2\/pages\/34\/revisions\/85122"}],"wp:attachment":[{"href":"https:\/\/www.advantageteam.com\/en\/wp-json\/wp\/v2\/media?parent=34"}],"curies":[{"name":"wp","href":"https:\/\/api.w.org\/{rel}","templated":true}]}}